{"id":2072,"date":"2025-06-27T13:23:18","date_gmt":"2025-06-27T10:23:18","guid":{"rendered":"https:\/\/rkeeper.us\/?page_id=2072"},"modified":"2025-07-22T11:51:36","modified_gmt":"2025-07-22T08:51:36","slug":"klikka-ja-korja-susteem","status":"publish","type":"page","link":"https:\/\/rkeeper.ee\/?page_id=2072","title":{"rendered":"Klikka ja korja s\u00fcsteem"},"content":{"rendered":"\t\t<div data-elementor-type=\"wp-page\" data-elementor-id=\"2072\" class=\"elementor elementor-2072 elementor-1937\" data-elementor-post-type=\"page\">\n\t\t\t\t<div class=\"elementor-element elementor-element-27df4ed7 e-flex e-con-boxed e-con e-parent\" data-id=\"27df4ed7\" data-element_type=\"container\" data-e-type=\"container\">\n\t\t\t\t\t<div class=\"e-con-inner\">\n\t\t\t\t<div class=\"elementor-element elementor-element-8e622fb elementor-widget elementor-widget-heading\" data-id=\"8e622fb\" data-element_type=\"widget\" data-e-type=\"widget\" data-widget_type=\"heading.default\">\n\t\t\t\t<div class=\"elementor-widget-container\">\n\t\t\t\t\t<h3 class=\"elementor-heading-title elementor-size-default\">Klikka ja korja s\u00fcsteem<\/h3>\t\t\t\t<\/div>\n\t\t\t\t<\/div>\n\t\t\t\t<div class=\"elementor-element elementor-element-17833098 elementor-widget elementor-widget-text-editor\" data-id=\"17833098\" data-element_type=\"widget\" data-e-type=\"widget\" data-widget_type=\"text-editor.default\">\n\t\t\t\t<div class=\"elementor-widget-container\">\n\t\t\t\t\t\t\t\t\t<h3 id=\"Simplify-Your-Pickup-Orders-with-Click-and-Collect-2\"><strong>Lihtsustage oma tellimuste k\u00e4ttesaamist Click and Collectiga<\/strong><\/h3><h3 id=\"Seamless-Integration-for-Smoother-Operations-2\">Sujuvam integratsioon sujuvamaks toimimiseks<\/h3><p>H\u00fcvasti pikkade j\u00e4rjekordade ja tellimuste kaosega. <strong>Click and Collect<\/strong>&#8217;i abil saavad teie kliendid tellida ja k\u00e4tte v\u00f5tta, kui neile sobib &#8211; samal ajal kui te \u00fchtlustate oma k\u00f6\u00f6gi ja personali t\u00f6\u00f6voogu. <\/p><p>Seda on lihtne sisse seada, sujuvalt kasutada ja see on loodud nii m\u00fc\u00fcgi kui ka rahulolu suurendamiseks.<\/p><p>Kiiresti. Paindlik. Tulevikukindel.  <\/p><p><img fetchpriority=\"high\" decoding=\"async\" class=\"alignright\" src=\"https:\/\/img.perfectwiki.xyz\/insecure\/resize:fit:400\/aHR0cHM6Ly9zdG9yYWdlLmdvb2dsZWFwaXMuY29tL3BlcmZlY3Rfd2lraS9jMThmZTZmNy03MTRiLTQxMzItYmI1NC0zNTY0ODc3NWVkMGMvQ2FWOVIwbzVwdkdmamtpRHJ5cjUvJUQwJUI4JUQwJUI3JUQwJUJFJUQwJUIxJUQxJTgwJUQwJUIwJUQwJUI2JUQwJUI1JUQwJUJEJUQwJUI4JUQwJUI1Xzk5ZDUwNTAyLWUxNzMtNGIwZS1hMjU5LTg4YTQ0ZGQyMzA5NC5wbmc.webp\" sizes=\"100vw\" srcset=\"https:\/\/img.perfectwiki.xyz\/insecure\/resize:fit:400\/aHR0cHM6Ly9zdG9yYWdlLmdvb2dsZWFwaXMuY29tL3BlcmZlY3Rfd2lraS9jMThmZTZmNy03MTRiLTQxMzItYmI1NC0zNTY0ODc3NWVkMGMvQ2FWOVIwbzVwdkdmamtpRHJ5cjUvJUQwJUI4JUQwJUI3JUQwJUJFJUQwJUIxJUQxJTgwJUQwJUIwJUQwJUI2JUQwJUI1JUQwJUJEJUQwJUI4JUQwJUI1Xzk5ZDUwNTAyLWUxNzMtNGIwZS1hMjU5LTg4YTQ0ZGQyMzA5NC5wbmc.webp 400w, https:\/\/img.perfectwiki.xyz\/insecure\/resize:fit:800\/aHR0cHM6Ly9zdG9yYWdlLmdvb2dsZWFwaXMuY29tL3BlcmZlY3Rfd2lraS9jMThmZTZmNy03MTRiLTQxMzItYmI1NC0zNTY0ODc3NWVkMGMvQ2FWOVIwbzVwdkdmamtpRHJ5cjUvJUQwJUI4JUQwJUI3JUQwJUJFJUQwJUIxJUQxJTgwJUQwJUIwJUQwJUI2JUQwJUI1JUQwJUJEJUQwJUI4JUQwJUI1Xzk5ZDUwNTAyLWUxNzMtNGIwZS1hMjU5LTg4YTQ0ZGQyMzA5NC5wbmc.webp 800w, https:\/\/img.perfectwiki.xyz\/insecure\/resize:fit:1200\/aHR0cHM6Ly9zdG9yYWdlLmdvb2dsZWFwaXMuY29tL3BlcmZlY3Rfd2lraS9jMThmZTZmNy03MTRiLTQxMzItYmI1NC0zNTY0ODc3NWVkMGMvQ2FWOVIwbzVwdkdmamtpRHJ5cjUvJUQwJUI4JUQwJUI3JUQwJUJFJUQwJUIxJUQxJTgwJUQwJUIwJUQwJUI2JUQwJUI1JUQwJUJEJUQwJUI4JUQwJUI1Xzk5ZDUwNTAyLWUxNzMtNGIwZS1hMjU5LTg4YTQ0ZGQyMzA5NC5wbmc.webp 1200w, https:\/\/img.perfectwiki.xyz\/insecure\/aHR0cHM6Ly9zdG9yYWdlLmdvb2dsZWFwaXMuY29tL3BlcmZlY3Rfd2lraS9jMThmZTZmNy03MTRiLTQxMzItYmI1NC0zNTY0ODc3NWVkMGMvQ2FWOVIwbzVwdkdmamtpRHJ5cjUvJUQwJUI4JUQwJUI3JUQwJUJFJUQwJUIxJUQxJTgwJUQwJUIwJUQwJUI2JUQwJUI1JUQwJUJEJUQwJUI4JUQwJUI1Xzk5ZDUwNTAyLWUxNzMtNGIwZS1hMjU5LTg4YTQ0ZGQyMzA5NC5wbmc.webp 1400w\" alt=\"tooted \/ 2 Click and collect\" width=\"386\" height=\"259\"><\/p><h3 id=\"Benefits-of-Click-and-Collect-2\"><strong>Klikka ja korja eelised<\/strong><\/h3><ul><li><strong>Suurenenud tellimuste maht<\/strong><br>Laske oma klientidel esitada tellimusi igal ajal &#8211; isegi tipptunnil. Rohkem tellimusi, v\u00e4hem ummikuid. <\/li><li><strong>Parem kliendirahulolu<\/strong><br>Ei ole ootamist. Ei mingeid valesuhtlusi. Lihtsalt sujuv, kiire ja t\u00e4pne teenindus.  <\/li><li><strong>V\u00e4hendatud ooteajad<\/strong><br>T\u00e4nu teenindusaegadele ja reaalajas toimuvatele uuendustele teavad kliendid t\u00e4pselt, millal tulla &#8211; ja millal minna.<\/li><\/ul><h2 id=\"How-It-Works-1\"><strong>Kuidas see toimib<\/strong><\/h2><h3 id=\"Benefits-of-Click-and-Collect-2\"><img decoding=\"async\" class=\"alignleft\" style=\"font-size: 16px;\" src=\"https:\/\/img.perfectwiki.xyz\/insecure\/resize:fit:400\/aHR0cHM6Ly9zdG9yYWdlLmdvb2dsZWFwaXMuY29tL3BlcmZlY3Rfd2lraS9jMThmZTZmNy03MTRiLTQxMzItYmI1NC0zNTY0ODc3NWVkMGMvQ2FWOVIwbzVwdkdmamtpRHJ5cjUvJUQwJUI4JUQwJUI3JUQwJUJFJUQwJUIxJUQxJTgwJUQwJUIwJUQwJUI2JUQwJUI1JUQwJUJEJUQwJUI4JUQwJUI1Xzc0MjFiOGVhLWI1Y2MtNDc5ZC1iZDQ5LTUwODc3OGQ0YTVlYi5wbmc.webp\" sizes=\"100vw\" srcset=\"https:\/\/img.perfectwiki.xyz\/insecure\/resize:fit:400\/aHR0cHM6Ly9zdG9yYWdlLmdvb2dsZWFwaXMuY29tL3BlcmZlY3Rfd2lraS9jMThmZTZmNy03MTRiLTQxMzItYmI1NC0zNTY0ODc3NWVkMGMvQ2FWOVIwbzVwdkdmamtpRHJ5cjUvJUQwJUI4JUQwJUI3JUQwJUJFJUQwJUIxJUQxJTgwJUQwJUIwJUQwJUI2JUQwJUI1JUQwJUJEJUQwJUI4JUQwJUI1Xzc0MjFiOGVhLWI1Y2MtNDc5ZC1iZDQ5LTUwODc3OGQ0YTVlYi5wbmc.webp 400w, https:\/\/img.perfectwiki.xyz\/insecure\/resize:fit:800\/aHR0cHM6Ly9zdG9yYWdlLmdvb2dsZWFwaXMuY29tL3BlcmZlY3Rfd2lraS9jMThmZTZmNy03MTRiLTQxMzItYmI1NC0zNTY0ODc3NWVkMGMvQ2FWOVIwbzVwdkdmamtpRHJ5cjUvJUQwJUI4JUQwJUI3JUQwJUJFJUQwJUIxJUQxJTgwJUQwJUIwJUQwJUI2JUQwJUI1JUQwJUJEJUQwJUI4JUQwJUI1Xzc0MjFiOGVhLWI1Y2MtNDc5ZC1iZDQ5LTUwODc3OGQ0YTVlYi5wbmc.webp 800w, https:\/\/img.perfectwiki.xyz\/insecure\/resize:fit:1200\/aHR0cHM6Ly9zdG9yYWdlLmdvb2dsZWFwaXMuY29tL3BlcmZlY3Rfd2lraS9jMThmZTZmNy03MTRiLTQxMzItYmI1NC0zNTY0ODc3NWVkMGMvQ2FWOVIwbzVwdkdmamtpRHJ5cjUvJUQwJUI4JUQwJUI3JUQwJUJFJUQwJUIxJUQxJTgwJUQwJUIwJUQwJUI2JUQwJUI1JUQwJUJEJUQwJUI4JUQwJUI1Xzc0MjFiOGVhLWI1Y2MtNDc5ZC1iZDQ5LTUwODc3OGQ0YTVlYi5wbmc.webp 1200w, https:\/\/img.perfectwiki.xyz\/insecure\/aHR0cHM6Ly9zdG9yYWdlLmdvb2dsZWFwaXMuY29tL3BlcmZlY3Rfd2lraS9jMThmZTZmNy03MTRiLTQxMzItYmI1NC0zNTY0ODc3NWVkMGMvQ2FWOVIwbzVwdkdmamtpRHJ5cjUvJUQwJUI4JUQwJUI3JUQwJUJFJUQwJUIxJUQxJTgwJUQwJUIwJUQwJUI2JUQwJUI1JUQwJUJEJUQwJUI4JUQwJUI1Xzc0MjFiOGVhLWI1Y2MtNDc5ZC1iZDQ5LTUwODc3OGQ0YTVlYi5wbmc.webp 1400w\" alt=\"tooted \/ 2 Click and collect\" width=\"404\" height=\"271\"><\/h3><h5><strong>Lihtne seadistamine<\/strong><\/h5><p>Meie intuitiivne platvorm integreerub teie olemasoleva POS-s\u00fcsteemiga. Te saate selle hetkega t\u00f6\u00f6le panna &#8211; IT-peavalu ei ole vaja. <\/p><h5><strong>\u00d5mblusteta tellimine<\/strong><\/h5><p>Kliendid teevad tellimusi teie veebisaidilt, rakendusest v\u00f5i kioskist. K\u00f5ik s\u00fcnkroonitakse koheselt teie k\u00f6\u00f6giga. <\/p><h5><strong>T\u00f5hus kogumine<\/strong><\/h5><p>Kliendid saavad teate, kui nende toit on valmis. Nad lihtsalt l\u00e4hevad sisse, v\u00f5tavad k\u00e4tte ja l\u00e4hevad. <\/p><h3 id=\"Detailed-Features-of-Click-and-Collect-2\"><strong>Klikka ja korja \u00fcksikasjalikud funktsioonid<\/strong><\/h3><h5><strong>Tellimuste haldamine<\/strong><\/h5><p>J\u00e4lgige ja hallake k\u00f5iki pealev\u00f5tmistellimusi \u00fchtsel armatuurlaual. Vaadake, ajakohastage ja t\u00e4itke tellimusi vaevata. <\/p><h5><strong>Reaalajas uuendused<\/strong><\/h5><h3 id=\"Detailed-Features-of-Click-and-Collect-2\"><img decoding=\"async\" class=\"alignright\" style=\"font-size: 16px; margin: 8px 8px 0px;\" src=\"https:\/\/img.perfectwiki.xyz\/insecure\/resize:fit:400\/aHR0cHM6Ly9zdG9yYWdlLmdvb2dsZWFwaXMuY29tL3BlcmZlY3Rfd2lraS9jMThmZTZmNy03MTRiLTQxMzItYmI1NC0zNTY0ODc3NWVkMGMvQ2FWOVIwbzVwdkdmamtpRHJ5cjUvJUQwJUI4JUQwJUI3JUQwJUJFJUQwJUIxJUQxJTgwJUQwJUIwJUQwJUI2JUQwJUI1JUQwJUJEJUQwJUI4JUQwJUI1XzIyNjhhNTc2LTU3MzQtNDNlYS05MGU2LTQ4ODhjYWY3Mjk5Ny5wbmc.webp\" sizes=\"100vw\" srcset=\"https:\/\/img.perfectwiki.xyz\/insecure\/resize:fit:400\/aHR0cHM6Ly9zdG9yYWdlLmdvb2dsZWFwaXMuY29tL3BlcmZlY3Rfd2lraS9jMThmZTZmNy03MTRiLTQxMzItYmI1NC0zNTY0ODc3NWVkMGMvQ2FWOVIwbzVwdkdmamtpRHJ5cjUvJUQwJUI4JUQwJUI3JUQwJUJFJUQwJUIxJUQxJTgwJUQwJUIwJUQwJUI2JUQwJUI1JUQwJUJEJUQwJUI4JUQwJUI1XzIyNjhhNTc2LTU3MzQtNDNlYS05MGU2LTQ4ODhjYWY3Mjk5Ny5wbmc.webp 400w, https:\/\/img.perfectwiki.xyz\/insecure\/resize:fit:800\/aHR0cHM6Ly9zdG9yYWdlLmdvb2dsZWFwaXMuY29tL3BlcmZlY3Rfd2lraS9jMThmZTZmNy03MTRiLTQxMzItYmI1NC0zNTY0ODc3NWVkMGMvQ2FWOVIwbzVwdkdmamtpRHJ5cjUvJUQwJUI4JUQwJUI3JUQwJUJFJUQwJUIxJUQxJTgwJUQwJUIwJUQwJUI2JUQwJUI1JUQwJUJEJUQwJUI4JUQwJUI1XzIyNjhhNTc2LTU3MzQtNDNlYS05MGU2LTQ4ODhjYWY3Mjk5Ny5wbmc.webp 800w, https:\/\/img.perfectwiki.xyz\/insecure\/resize:fit:1200\/aHR0cHM6Ly9zdG9yYWdlLmdvb2dsZWFwaXMuY29tL3BlcmZlY3Rfd2lraS9jMThmZTZmNy03MTRiLTQxMzItYmI1NC0zNTY0ODc3NWVkMGMvQ2FWOVIwbzVwdkdmamtpRHJ5cjUvJUQwJUI4JUQwJUI3JUQwJUJFJUQwJUIxJUQxJTgwJUQwJUIwJUQwJUI2JUQwJUI1JUQwJUJEJUQwJUI4JUQwJUI1XzIyNjhhNTc2LTU3MzQtNDNlYS05MGU2LTQ4ODhjYWY3Mjk5Ny5wbmc.webp 1200w, https:\/\/img.perfectwiki.xyz\/insecure\/aHR0cHM6Ly9zdG9yYWdlLmdvb2dsZWFwaXMuY29tL3BlcmZlY3Rfd2lraS9jMThmZTZmNy03MTRiLTQxMzItYmI1NC0zNTY0ODc3NWVkMGMvQ2FWOVIwbzVwdkdmamtpRHJ5cjUvJUQwJUI4JUQwJUI3JUQwJUJFJUQwJUIxJUQxJTgwJUQwJUIwJUQwJUI2JUQwJUI1JUQwJUJEJUQwJUI4JUQwJUI1XzIyNjhhNTc2LTU3MzQtNDNlYS05MGU2LTQ4ODhjYWY3Mjk5Ny5wbmc.webp 1400w\" alt=\"tooted \/ 2 Click and collect\" width=\"362\" height=\"241\"><\/h3><p>Automaatsed staatusteated hoiavad kliente kursis &#8211; alates &#8220;ettevalmistamisest&#8221; kuni &#8220;valmis k\u00e4ttesaamiseks&#8221;.<\/p><h5><strong>Kohandatav Pickup Slots<\/strong><\/h5><p>Laske oma klientidel valida k\u00e4ttesaamise aeg. Kontrollige tellimuste voogu ja v\u00e4ltige tipptunni kitsaskohti. <\/p><h5><strong>Integreeritud makselahendused<\/strong><\/h5><p>Toetab k\u00f5iki peamisi makset\u00fc\u00fcpe: kaardid, mobiilimaksed, ettemaksed &#8211; turvaliselt t\u00f6\u00f6deldud.<\/p><h5><strong>Kas olete valmis oma tegevust lihtsustama ja tulusid suurendama?<\/strong><\/h5><p>Laske Click and Collect&#8217;il teha raske t\u00f6\u00f6, samal ajal kui te teenindate rohkem kliente t\u00f5husamalt.<\/p>\t\t\t\t\t\t\t\t<\/div>\n\t\t\t\t<\/div>\n\t\t\t\t<div class=\"elementor-element elementor-element-20b48f24 elementor-align-center elementor-mobile-align-center elementor-widget elementor-widget-button\" data-id=\"20b48f24\" data-element_type=\"widget\" data-e-type=\"widget\" data-widget_type=\"button.default\">\n\t\t\t\t<div class=\"elementor-widget-container\">\n\t\t\t\t\t\t\t\t\t<div class=\"elementor-button-wrapper\">\n\t\t\t\t\t<a class=\"elementor-button elementor-button-link elementor-size-sm\" href=\"https:\/\/rkeeper.us\/?page_id=256\">\n\t\t\t\t\t\t<span class=\"elementor-button-content-wrapper\">\n\t\t\t\t\t\t\t\t\t<span class=\"elementor-button-text\">V\u00f5tke meiega \u00fchendust<\/span>\n\t\t\t\t\t<\/span>\n\t\t\t\t\t<\/a>\n\t\t\t\t<\/div>\n\t\t\t\t\t\t\t\t<\/div>\n\t\t\t\t<\/div>\n\t\t\t\t\t<\/div>\n\t\t\t\t<\/div>\n\t\t\t\t<\/div>\n\t\t","protected":false},"excerpt":{"rendered":"<p>Klikka ja korja s\u00fcsteem Lihtsustage oma tellimuste k\u00e4ttesaamist Click and Collectiga Sujuvam integratsioon sujuvamaks toimimiseks H\u00fcvasti pikkade j\u00e4rjekordade ja tellimuste kaosega. Click and Collect&#8217;i abil saavad teie kliendid tellida ja k\u00e4tte v\u00f5tta, kui neile sobib &#8211; samal ajal kui te \u00fchtlustate oma k\u00f6\u00f6gi ja personali t\u00f6\u00f6voogu. Seda on lihtne sisse seada, sujuvalt kasutada ja see [&hellip;]<\/p>\n","protected":false},"author":1,"featured_media":0,"parent":0,"menu_order":0,"comment_status":"closed","ping_status":"closed","template":"","meta":{"footnotes":""},"class_list":["post-2072","page","type-page","status-publish","hentry"],"_links":{"self":[{"href":"https:\/\/rkeeper.ee\/index.php?rest_route=\/wp\/v2\/pages\/2072","targetHints":{"allow":["GET"]}}],"collection":[{"href":"https:\/\/rkeeper.ee\/index.php?rest_route=\/wp\/v2\/pages"}],"about":[{"href":"https:\/\/rkeeper.ee\/index.php?rest_route=\/wp\/v2\/types\/page"}],"author":[{"embeddable":true,"href":"https:\/\/rkeeper.ee\/index.php?rest_route=\/wp\/v2\/users\/1"}],"replies":[{"embeddable":true,"href":"https:\/\/rkeeper.ee\/index.php?rest_route=%2Fwp%2Fv2%2Fcomments&post=2072"}],"version-history":[{"count":6,"href":"https:\/\/rkeeper.ee\/index.php?rest_route=\/wp\/v2\/pages\/2072\/revisions"}],"predecessor-version":[{"id":3581,"href":"https:\/\/rkeeper.ee\/index.php?rest_route=\/wp\/v2\/pages\/2072\/revisions\/3581"}],"wp:attachment":[{"href":"https:\/\/rkeeper.ee\/index.php?rest_route=%2Fwp%2Fv2%2Fmedia&parent=2072"}],"curies":[{"name":"wp","href":"https:\/\/api.w.org\/{rel}","templated":true}]}}