{"id":2504,"date":"2025-07-14T15:28:58","date_gmt":"2025-07-14T12:28:58","guid":{"rendered":"https:\/\/rkeeper.us\/?page_id=2504"},"modified":"2025-07-22T12:10:25","modified_gmt":"2025-07-22T09:10:25","slug":"pos-kassaaparaat","status":"publish","type":"page","link":"https:\/\/rkeeper.ee\/?page_id=2504","title":{"rendered":"POS\/Kassaaparaat"},"content":{"rendered":"\t\t<div data-elementor-type=\"wp-page\" data-elementor-id=\"2504\" class=\"elementor elementor-2504 elementor-2181\" data-elementor-post-type=\"page\">\n\t\t\t\t<div class=\"elementor-element elementor-element-520b5700 e-flex e-con-boxed e-con e-parent\" data-id=\"520b5700\" data-element_type=\"container\" data-e-type=\"container\">\n\t\t\t\t\t<div class=\"e-con-inner\">\n\t\t\t\t<div class=\"elementor-element elementor-element-6e322089 elementor-widget elementor-widget-heading\" data-id=\"6e322089\" data-element_type=\"widget\" data-e-type=\"widget\" data-widget_type=\"heading.default\">\n\t\t\t\t<div class=\"elementor-widget-container\">\n\t\t\t\t\t<h3 class=\"elementor-heading-title elementor-size-default\">POS\/Kassaaparaat<\/h3>\t\t\t\t<\/div>\n\t\t\t\t<\/div>\n\t\t\t\t<div class=\"elementor-element elementor-element-120f9b88 elementor-widget elementor-widget-text-editor\" data-id=\"120f9b88\" data-element_type=\"widget\" data-e-type=\"widget\" data-widget_type=\"text-editor.default\">\n\t\t\t\t<div class=\"elementor-widget-container\">\n\t\t\t\t\t\t\t\t\t<h2 id=\"POS-and-Cashdesk:-Power-at-Your-Fingertips-1\"><strong>POS ja kassapunktid: V\u00f5imsus k\u00e4eulatuses<\/strong><\/h2><h3 id=\"Smart-Intuitive-and-Built-for-Busy-Service-2\">Nutikas, intuitiivne ja kiire teeninduse jaoks loodud<\/h3><p>Olenemata sellest, kas teil on kiire QSR, hubane kohvik v\u00f5i mitme asukohaga restoran, meie <strong>POS- ja kassalahendus<\/strong> on teie juhtimiskeskus k\u00f5igeks. Kiirendage teenindamist, v\u00e4hendage vigu, haldage personali ja inventari ning r\u00f5\u00f5mustage oma k\u00fclalisi &#8211; ja seda k\u00f5ike \u00fchest elegantsest kasutajaliidesest. <\/p><p>M\u00f5eldud j\u00f5udluseks. Ehitatud mastaapseks. Personali poolt armastatud.  <\/p><hr><h3 id=\"Why-Our-POS-System-2\"><strong>Miks just meie POS s\u00fcsteem?<\/strong><\/h3><p><img fetchpriority=\"high\" decoding=\"async\" class=\"alignright\" style=\"margin: 8px 8px 0px;\" src=\"https:\/\/img.perfectwiki.xyz\/insecure\/resize:fit:400\/aHR0cHM6Ly9zdG9yYWdlLmdvb2dsZWFwaXMuY29tL3BlcmZlY3Rfd2lraS9jMThmZTZmNy03MTRiLTQxMzItYmI1NC0zNTY0ODc3NWVkMGMvSmhLQW04VFpVUlJLSHhOZ0RUUmwvJUQwJUI4JUQwJUI3JUQwJUJFJUQwJUIxJUQxJTgwJUQwJUIwJUQwJUI2JUQwJUI1JUQwJUJEJUQwJUI4JUQwJUI1X2UzOWYyNWMyLWZmNDgtNGMyYy1iMjE3LTQ1Y2Q2ZTYyN2ExNS5wbmc.webp\" sizes=\"100vw\" srcset=\"https:\/\/img.perfectwiki.xyz\/insecure\/resize:fit:400\/aHR0cHM6Ly9zdG9yYWdlLmdvb2dsZWFwaXMuY29tL3BlcmZlY3Rfd2lraS9jMThmZTZmNy03MTRiLTQxMzItYmI1NC0zNTY0ODc3NWVkMGMvSmhLQW04VFpVUlJLSHhOZ0RUUmwvJUQwJUI4JUQwJUI3JUQwJUJFJUQwJUIxJUQxJTgwJUQwJUIwJUQwJUI2JUQwJUI1JUQwJUJEJUQwJUI4JUQwJUI1X2UzOWYyNWMyLWZmNDgtNGMyYy1iMjE3LTQ1Y2Q2ZTYyN2ExNS5wbmc.webp 400w, https:\/\/img.perfectwiki.xyz\/insecure\/resize:fit:800\/aHR0cHM6Ly9zdG9yYWdlLmdvb2dsZWFwaXMuY29tL3BlcmZlY3Rfd2lraS9jMThmZTZmNy03MTRiLTQxMzItYmI1NC0zNTY0ODc3NWVkMGMvSmhLQW04VFpVUlJLSHhOZ0RUUmwvJUQwJUI4JUQwJUI3JUQwJUJFJUQwJUIxJUQxJTgwJUQwJUIwJUQwJUI2JUQwJUI1JUQwJUJEJUQwJUI4JUQwJUI1X2UzOWYyNWMyLWZmNDgtNGMyYy1iMjE3LTQ1Y2Q2ZTYyN2ExNS5wbmc.webp 800w, https:\/\/img.perfectwiki.xyz\/insecure\/resize:fit:1200\/aHR0cHM6Ly9zdG9yYWdlLmdvb2dsZWFwaXMuY29tL3BlcmZlY3Rfd2lraS9jMThmZTZmNy03MTRiLTQxMzItYmI1NC0zNTY0ODc3NWVkMGMvSmhLQW04VFpVUlJLSHhOZ0RUUmwvJUQwJUI4JUQwJUI3JUQwJUJFJUQwJUIxJUQxJTgwJUQwJUIwJUQwJUI2JUQwJUI1JUQwJUJEJUQwJUI4JUQwJUI1X2UzOWYyNWMyLWZmNDgtNGMyYy1iMjE3LTQ1Y2Q2ZTYyN2ExNS5wbmc.webp 1200w, https:\/\/img.perfectwiki.xyz\/insecure\/aHR0cHM6Ly9zdG9yYWdlLmdvb2dsZWFwaXMuY29tL3BlcmZlY3Rfd2lraS9jMThmZTZmNy03MTRiLTQxMzItYmI1NC0zNTY0ODc3NWVkMGMvSmhLQW04VFpVUlJLSHhOZ0RUUmwvJUQwJUI4JUQwJUI3JUQwJUJFJUQwJUIxJUQxJTgwJUQwJUIwJUQwJUI2JUQwJUI1JUQwJUJEJUQwJUI4JUQwJUI1X2UzOWYyNWMyLWZmNDgtNGMyYy1iMjE3LTQ1Y2Q2ZTYyN2ExNS5wbmc.webp 1400w\" alt=\"tooted \/ 3 POS\/Kassa\" width=\"331\" height=\"220\"><\/p><p><strong>V\u00e4lkkiired tehingud<\/strong><br>Viivitust ei ole. Ei mingit ootamist. V\u00f5tke tellimusi vastu, jagage arveid ja printige kviitungeid sekunditega &#8211; isegi tipptundidel.  <\/p><p><strong>Kasutajas\u00f5bralik kasutajaliides<\/strong><br>Ei mingit j\u00e4rsku \u00f5ppimisk\u00f5verat. Teie t\u00f6\u00f6tajatele meeldib, kui lihtne on seda kasutada &#8211; alates esimesest p\u00e4evast. <\/p><p><strong>Reaalajas s\u00fcnkroonimine<\/strong><br>Tellimused kioskitest, rakendustest ja veebist? K\u00f5ik s\u00fcnkroonitakse teie kassasse reaalajas. Ei mingit topeltk\u00e4sitlust, ei mingeid vigu.  <\/p><p><strong>Turvalised maksed<\/strong><br>V\u00f5tke vastu kaarte, mobiilimakseid, QR-makseid v\u00f5i sularaha &#8211; k\u00f5ik on t\u00e4ielikult integreeritud tipptasemel makseteenuse pakkujatega.<\/p><p> <strong>T\u00e4ielik kontroll ja anal\u00fc\u00fcs<\/strong><br>J\u00e4lgige m\u00fc\u00fcki, t\u00f6\u00f6tajate tulemusi, k\u00f5ige kiiremaid tunde, enim m\u00fc\u00fcdud kaupu &#8211; k\u00f5ik oma armatuurlaual.<\/p><hr><h3 id=\"Key-Features-2\"><strong>Peamised omadused<\/strong><\/h3><p><strong><img decoding=\"async\" class=\"alignleft\" style=\"font-weight: 400;\" src=\"https:\/\/img.perfectwiki.xyz\/insecure\/resize:fit:400\/aHR0cHM6Ly9zdG9yYWdlLmdvb2dsZWFwaXMuY29tL3BlcmZlY3Rfd2lraS9jMThmZTZmNy03MTRiLTQxMzItYmI1NC0zNTY0ODc3NWVkMGMvSmhLQW04VFpVUlJLSHhOZ0RUUmwvJUQwJUI4JUQwJUI3JUQwJUJFJUQwJUIxJUQxJTgwJUQwJUIwJUQwJUI2JUQwJUI1JUQwJUJEJUQwJUI4JUQwJUI1X2E2MDI4ZGFmLTkwY2MtNDZiOC1hNDkyLWYwMzA5YTcyNGJhZC5wbmc.webp\" sizes=\"100vw\" srcset=\"https:\/\/img.perfectwiki.xyz\/insecure\/resize:fit:400\/aHR0cHM6Ly9zdG9yYWdlLmdvb2dsZWFwaXMuY29tL3BlcmZlY3Rfd2lraS9jMThmZTZmNy03MTRiLTQxMzItYmI1NC0zNTY0ODc3NWVkMGMvSmhLQW04VFpVUlJLSHhOZ0RUUmwvJUQwJUI4JUQwJUI3JUQwJUJFJUQwJUIxJUQxJTgwJUQwJUIwJUQwJUI2JUQwJUI1JUQwJUJEJUQwJUI4JUQwJUI1X2E2MDI4ZGFmLTkwY2MtNDZiOC1hNDkyLWYwMzA5YTcyNGJhZC5wbmc.webp 400w, https:\/\/img.perfectwiki.xyz\/insecure\/resize:fit:800\/aHR0cHM6Ly9zdG9yYWdlLmdvb2dsZWFwaXMuY29tL3BlcmZlY3Rfd2lraS9jMThmZTZmNy03MTRiLTQxMzItYmI1NC0zNTY0ODc3NWVkMGMvSmhLQW04VFpVUlJLSHhOZ0RUUmwvJUQwJUI4JUQwJUI3JUQwJUJFJUQwJUIxJUQxJTgwJUQwJUIwJUQwJUI2JUQwJUI1JUQwJUJEJUQwJUI4JUQwJUI1X2E2MDI4ZGFmLTkwY2MtNDZiOC1hNDkyLWYwMzA5YTcyNGJhZC5wbmc.webp 800w, https:\/\/img.perfectwiki.xyz\/insecure\/resize:fit:1200\/aHR0cHM6Ly9zdG9yYWdlLmdvb2dsZWFwaXMuY29tL3BlcmZlY3Rfd2lraS9jMThmZTZmNy03MTRiLTQxMzItYmI1NC0zNTY0ODc3NWVkMGMvSmhLQW04VFpVUlJLSHhOZ0RUUmwvJUQwJUI4JUQwJUI3JUQwJUJFJUQwJUIxJUQxJTgwJUQwJUIwJUQwJUI2JUQwJUI1JUQwJUJEJUQwJUI4JUQwJUI1X2E2MDI4ZGFmLTkwY2MtNDZiOC1hNDkyLWYwMzA5YTcyNGJhZC5wbmc.webp 1200w, https:\/\/img.perfectwiki.xyz\/insecure\/aHR0cHM6Ly9zdG9yYWdlLmdvb2dsZWFwaXMuY29tL3BlcmZlY3Rfd2lraS9jMThmZTZmNy03MTRiLTQxMzItYmI1NC0zNTY0ODc3NWVkMGMvSmhLQW04VFpVUlJLSHhOZ0RUUmwvJUQwJUI4JUQwJUI3JUQwJUJFJUQwJUIxJUQxJTgwJUQwJUIwJUQwJUI2JUQwJUI1JUQwJUJEJUQwJUI4JUQwJUI1X2E2MDI4ZGFmLTkwY2MtNDZiOC1hNDkyLWYwMzA5YTcyNGJhZC5wbmc.webp 1400w\" alt=\"tooted \/ 3 POS\/Kassa\" width=\"359\" height=\"239\">Mitme seadme valikud<\/strong>: Kasuta statsionaarse terminali v\u00f5i pihuarvutina &#8211; v\u00f5i m\u00f5lemat.<\/p><p><strong>Lihtne men\u00fc\u00fc juhtimine<\/strong>: Muuda esemeid, hindu ja sooduspakkumisi jooksvalt.<\/p><p><strong>Kohandatud \u00f5igused<\/strong>: M\u00e4\u00e4rake t\u00f6\u00f6tajate juurdep\u00e4\u00e4sutasemed. Hoidke toimingud turvaliselt. <\/p><p><strong>Offline-re\u017eiim<\/strong>: J\u00e4tkake m\u00fc\u00fcki ka siis, kui internet ei t\u00f6\u00f6ta.<\/p><p><strong>Klientide ekraanid<\/strong>: N\u00e4ita k\u00fclalistele reaalajas tellimuse \u00fcksikasju ja m\u00fc\u00fcgisoovitusi.<\/p><p><strong>Kohene allahindluste ja lojaalsuse integreerimine<\/strong>: Rakendage sooduskoode ja preemiaprogramme otse.<\/p><hr><h3 id=\"For-Every-Venue-Every-Style-2\"><strong>Igale kohale, igale stiilile<\/strong><\/h3><p><strong>Pizzeriad ja kiirtoidud<\/strong>: kiirus ja t\u00e4psus kiiruse ajal.<br> Kohvikud<strong>ja kohvikud<\/strong>: Kiire juurdep\u00e4\u00e4s, lihtne lisam\u00fc\u00fck.<br><strong>T\u00e4ieliku teenindusega restoranid<\/strong>: Laua kaardistamine, n\u00e4pun\u00e4ited, mitme kasutaja k\u00e4sitlemine.<\/p><hr><h3 id=\"What-You-Get-2\"><strong>Mida sa saad<\/strong><\/h3><p>\u2714\ufe0f Kiiremad kassas\u00f5iduajad<br>\u2714\ufe0f V\u00e4hem personalivigu<br>\u2714\ufe0f Parem aruandlus<br>\u2714\ufe0f \u00d5nnelikumad kliendid<br>\u2714\ufe0f Keskne haldamine mitme asukoha jaoks.<\/p><p>Suurendage oma m\u00fc\u00fcki. Lihtsustage oma t\u00f6\u00f6p\u00e4eva. Kasvage enesekindlalt.  <\/p><hr><p><strong>Tehke iga puudutus oluliseks.<\/strong><br>Parandage oma kassat\u00f6\u00f6koha kogemust POS-s\u00fcsteemiga, mis t\u00f6\u00f6tab sama k\u00f5vasti kui teie.<\/p>\t\t\t\t\t\t\t\t<\/div>\n\t\t\t\t<\/div>\n\t\t\t\t<div class=\"elementor-element elementor-element-59aa025f elementor-align-center elementor-mobile-align-center elementor-widget elementor-widget-button\" data-id=\"59aa025f\" data-element_type=\"widget\" data-e-type=\"widget\" data-widget_type=\"button.default\">\n\t\t\t\t<div class=\"elementor-widget-container\">\n\t\t\t\t\t\t\t\t\t<div class=\"elementor-button-wrapper\">\n\t\t\t\t\t<a class=\"elementor-button elementor-button-link elementor-size-sm\" href=\"https:\/\/rkeeper.us\/?page_id=256\">\n\t\t\t\t\t\t<span class=\"elementor-button-content-wrapper\">\n\t\t\t\t\t\t\t\t\t<span class=\"elementor-button-text\">V\u00f5tke meiega \u00fchendust<\/span>\n\t\t\t\t\t<\/span>\n\t\t\t\t\t<\/a>\n\t\t\t\t<\/div>\n\t\t\t\t\t\t\t\t<\/div>\n\t\t\t\t<\/div>\n\t\t\t\t\t<\/div>\n\t\t\t\t<\/div>\n\t\t\t\t<\/div>\n\t\t","protected":false},"excerpt":{"rendered":"<p>POS\/Kassaaparaat POS ja kassapunktid: V\u00f5imsus k\u00e4eulatuses Nutikas, intuitiivne ja kiire teeninduse jaoks loodud Olenemata sellest, kas teil on kiire QSR, hubane kohvik v\u00f5i mitme asukohaga restoran, meie POS- ja kassalahendus on teie juhtimiskeskus k\u00f5igeks. Kiirendage teenindamist, v\u00e4hendage vigu, haldage personali ja inventari ning r\u00f5\u00f5mustage oma k\u00fclalisi &#8211; ja seda k\u00f5ike \u00fchest elegantsest kasutajaliidesest. M\u00f5eldud j\u00f5udluseks. [&hellip;]<\/p>\n","protected":false},"author":1,"featured_media":0,"parent":0,"menu_order":0,"comment_status":"closed","ping_status":"closed","template":"","meta":{"footnotes":""},"class_list":["post-2504","page","type-page","status-publish","hentry"],"_links":{"self":[{"href":"https:\/\/rkeeper.ee\/index.php?rest_route=\/wp\/v2\/pages\/2504","targetHints":{"allow":["GET"]}}],"collection":[{"href":"https:\/\/rkeeper.ee\/index.php?rest_route=\/wp\/v2\/pages"}],"about":[{"href":"https:\/\/rkeeper.ee\/index.php?rest_route=\/wp\/v2\/types\/page"}],"author":[{"embeddable":true,"href":"https:\/\/rkeeper.ee\/index.php?rest_route=\/wp\/v2\/users\/1"}],"replies":[{"embeddable":true,"href":"https:\/\/rkeeper.ee\/index.php?rest_route=%2Fwp%2Fv2%2Fcomments&post=2504"}],"version-history":[{"count":5,"href":"https:\/\/rkeeper.ee\/index.php?rest_route=\/wp\/v2\/pages\/2504\/revisions"}],"predecessor-version":[{"id":3727,"href":"https:\/\/rkeeper.ee\/index.php?rest_route=\/wp\/v2\/pages\/2504\/revisions\/3727"}],"wp:attachment":[{"href":"https:\/\/rkeeper.ee\/index.php?rest_route=%2Fwp%2Fv2%2Fmedia&parent=2504"}],"curies":[{"name":"wp","href":"https:\/\/api.w.org\/{rel}","templated":true}]}}