{"id":2548,"date":"2025-07-14T15:42:44","date_gmt":"2025-07-14T12:42:44","guid":{"rendered":"https:\/\/rkeeper.us\/?page_id=2548"},"modified":"2025-07-22T12:00:48","modified_gmt":"2025-07-22T09:00:48","slug":"inventari-haldamine","status":"publish","type":"page","link":"https:\/\/rkeeper.ee\/?page_id=2548","title":{"rendered":"Inventari haldamine"},"content":{"rendered":"\t\t<div data-elementor-type=\"wp-page\" data-elementor-id=\"2548\" class=\"elementor elementor-2548 elementor-2199\" data-elementor-post-type=\"page\">\n\t\t\t\t<div class=\"elementor-element elementor-element-54294efb e-flex e-con-boxed e-con e-parent\" data-id=\"54294efb\" data-element_type=\"container\" data-e-type=\"container\">\n\t\t\t\t\t<div class=\"e-con-inner\">\n\t\t\t\t<div class=\"elementor-element elementor-element-38df2e54 elementor-widget elementor-widget-heading\" data-id=\"38df2e54\" data-element_type=\"widget\" data-e-type=\"widget\" data-widget_type=\"heading.default\">\n\t\t\t\t<div class=\"elementor-widget-container\">\n\t\t\t\t\t<h3 class=\"elementor-heading-title elementor-size-default\">Inventari haldamine<\/h3>\t\t\t\t<\/div>\n\t\t\t\t<\/div>\n\t\t\t\t<div class=\"elementor-element elementor-element-7e621205 elementor-widget elementor-widget-text-editor\" data-id=\"7e621205\" data-element_type=\"widget\" data-e-type=\"widget\" data-widget_type=\"text-editor.default\">\n\t\t\t\t<div class=\"elementor-widget-container\">\n\t\t\t\t\t\t\t\t\t<h2 id=\"Inventory-Management-Made-Simple-1\"><strong>Lihtsaks tehtud varude haldamine<\/strong><\/h2><h3 id=\"Know-What-You-Have.-Control-What-You-Need.-2\">Tea, mis sul on. Kontrollida, mida sa vajad. <\/h3><p>H\u00fcvasti arvamistega, puuduj\u00e4\u00e4kidega ja \u00fclevarudega.<br>Meie <strong>varude haldamise s\u00fcsteem<\/strong> annab teile t\u00e4ieliku kontrolli oma restorani varude \u00fcle &#8211; reaalajas. Alates v\u00e4rsketest koostisosadest kuni paberist salvr\u00e4tikuteni, j\u00e4lgige k\u00f5ike vaevata ja v\u00e4hendage raiskamist nagu professionaal. <\/p><p>K\u00f6\u00f6gist ladustamiseni &#8211; t\u00e4ielik n\u00e4htavus, null stress.<\/p><h3 id=\"Why-Inventory-Management-Matters-2\"><strong>Miks varude haldamine on oluline<\/strong><\/h3><p><img fetchpriority=\"high\" decoding=\"async\" class=\"alignright\" style=\"width: 324px; height: 394px;\" src=\"https:\/\/img.perfectwiki.xyz\/insecure\/resize:fit:400\/aHR0cHM6Ly9zdG9yYWdlLmdvb2dsZWFwaXMuY29tL3BlcmZlY3Rfd2lraS9jMThmZTZmNy03MTRiLTQxMzItYmI1NC0zNTY0ODc3NWVkMGMvakRWZWJVOFpYRkFjZVpqT3BIWVIvJUQwJUI4JUQwJUI3JUQwJUJFJUQwJUIxJUQxJTgwJUQwJUIwJUQwJUI2JUQwJUI1JUQwJUJEJUQwJUI4JUQwJUI1XzExMGZkMjVlLWRiZTgtNGNhNC1iMGU0LTQzMjU1NjVjYzQxYy5wbmc.webp\" sizes=\"100vw\" srcset=\"https:\/\/img.perfectwiki.xyz\/insecure\/resize:fit:400\/aHR0cHM6Ly9zdG9yYWdlLmdvb2dsZWFwaXMuY29tL3BlcmZlY3Rfd2lraS9jMThmZTZmNy03MTRiLTQxMzItYmI1NC0zNTY0ODc3NWVkMGMvakRWZWJVOFpYRkFjZVpqT3BIWVIvJUQwJUI4JUQwJUI3JUQwJUJFJUQwJUIxJUQxJTgwJUQwJUIwJUQwJUI2JUQwJUI1JUQwJUJEJUQwJUI4JUQwJUI1XzExMGZkMjVlLWRiZTgtNGNhNC1iMGU0LTQzMjU1NjVjYzQxYy5wbmc.webp 400w, https:\/\/img.perfectwiki.xyz\/insecure\/resize:fit:800\/aHR0cHM6Ly9zdG9yYWdlLmdvb2dsZWFwaXMuY29tL3BlcmZlY3Rfd2lraS9jMThmZTZmNy03MTRiLTQxMzItYmI1NC0zNTY0ODc3NWVkMGMvakRWZWJVOFpYRkFjZVpqT3BIWVIvJUQwJUI4JUQwJUI3JUQwJUJFJUQwJUIxJUQxJTgwJUQwJUIwJUQwJUI2JUQwJUI1JUQwJUJEJUQwJUI4JUQwJUI1XzExMGZkMjVlLWRiZTgtNGNhNC1iMGU0LTQzMjU1NjVjYzQxYy5wbmc.webp 800w, https:\/\/img.perfectwiki.xyz\/insecure\/resize:fit:1200\/aHR0cHM6Ly9zdG9yYWdlLmdvb2dsZWFwaXMuY29tL3BlcmZlY3Rfd2lraS9jMThmZTZmNy03MTRiLTQxMzItYmI1NC0zNTY0ODc3NWVkMGMvakRWZWJVOFpYRkFjZVpqT3BIWVIvJUQwJUI4JUQwJUI3JUQwJUJFJUQwJUIxJUQxJTgwJUQwJUIwJUQwJUI2JUQwJUI1JUQwJUJEJUQwJUI4JUQwJUI1XzExMGZkMjVlLWRiZTgtNGNhNC1iMGU0LTQzMjU1NjVjYzQxYy5wbmc.webp 1200w, https:\/\/img.perfectwiki.xyz\/insecure\/aHR0cHM6Ly9zdG9yYWdlLmdvb2dsZWFwaXMuY29tL3BlcmZlY3Rfd2lraS9jMThmZTZmNy03MTRiLTQxMzItYmI1NC0zNTY0ODc3NWVkMGMvakRWZWJVOFpYRkFjZVpqT3BIWVIvJUQwJUI4JUQwJUI3JUQwJUJFJUQwJUIxJUQxJTgwJUQwJUIwJUQwJUI2JUQwJUI1JUQwJUJEJUQwJUI4JUQwJUI1XzExMGZkMjVlLWRiZTgtNGNhNC1iMGU0LTQzMjU1NjVjYzQxYy5wbmc.webp 1400w\" alt=\"tooted \/ 4 Varude haldamine\" width=\"218\" height=\"266\"><\/p><p><strong>T\u00e4pne varude j\u00e4lgimine<\/strong><br>N\u00e4ete t\u00e4pselt, mida on laos, mida on v\u00e4he ja mida on vaja tellida &#8211; \u00fche pilguga.<\/p><p><strong>V\u00e4hendage raiskamist, s\u00e4\u00e4stke raha<\/strong><br>Saate hoiatusi aegumiskuup\u00e4evade kohta, j\u00e4lgige kasutusmustreid ja tellige ainult seda, mida vajate.<\/p><p><strong>Kiiremad inventuurikontrollid<\/strong><br>J\u00e4ta tabelid k\u00f5rvale. Skaneeri, loe ja s\u00fcnkroniseeri sekunditega &#8211; isegi telefonist v\u00f5i tahvelarvutist. <\/p><p><strong>Mitme asukoha tugi<\/strong><br>Mitme m\u00fc\u00fcgikoha haldamine? Saate \u00fchtse \u00fclevaate varudest k\u00f5igis oma tegevuskohtades. <\/p><p><strong>Nutikad aruanded ja prognoosid<\/strong><br>Prognoosige n\u00f5udlust, v\u00e4ltige puuduj\u00e4\u00e4ke ja optimeerige oma ostmist andmep\u00f5histe andmete abil.<\/p><h3 id=\"Key-Features-2\"><strong>Peamised omadused<\/strong><\/h3><p><img decoding=\"async\" class=\"alignleft\" src=\"https:\/\/img.perfectwiki.xyz\/insecure\/resize:fit:400\/aHR0cHM6Ly9zdG9yYWdlLmdvb2dsZWFwaXMuY29tL3BlcmZlY3Rfd2lraS9jMThmZTZmNy03MTRiLTQxMzItYmI1NC0zNTY0ODc3NWVkMGMvakRWZWJVOFpYRkFjZVpqT3BIWVIvJUQwJUI4JUQwJUI3JUQwJUJFJUQwJUIxJUQxJTgwJUQwJUIwJUQwJUI2JUQwJUI1JUQwJUJEJUQwJUI4JUQwJUI1X2EwOWQzOWQ2LWE2YjEtNDJmMC1hMzcyLTQzMzFhZGJiMWNmMi5wbmc.webp\" sizes=\"100vw\" srcset=\"https:\/\/img.perfectwiki.xyz\/insecure\/resize:fit:400\/aHR0cHM6Ly9zdG9yYWdlLmdvb2dsZWFwaXMuY29tL3BlcmZlY3Rfd2lraS9jMThmZTZmNy03MTRiLTQxMzItYmI1NC0zNTY0ODc3NWVkMGMvakRWZWJVOFpYRkFjZVpqT3BIWVIvJUQwJUI4JUQwJUI3JUQwJUJFJUQwJUIxJUQxJTgwJUQwJUIwJUQwJUI2JUQwJUI1JUQwJUJEJUQwJUI4JUQwJUI1X2EwOWQzOWQ2LWE2YjEtNDJmMC1hMzcyLTQzMzFhZGJiMWNmMi5wbmc.webp 400w, https:\/\/img.perfectwiki.xyz\/insecure\/resize:fit:800\/aHR0cHM6Ly9zdG9yYWdlLmdvb2dsZWFwaXMuY29tL3BlcmZlY3Rfd2lraS9jMThmZTZmNy03MTRiLTQxMzItYmI1NC0zNTY0ODc3NWVkMGMvakRWZWJVOFpYRkFjZVpqT3BIWVIvJUQwJUI4JUQwJUI3JUQwJUJFJUQwJUIxJUQxJTgwJUQwJUIwJUQwJUI2JUQwJUI1JUQwJUJEJUQwJUI4JUQwJUI1X2EwOWQzOWQ2LWE2YjEtNDJmMC1hMzcyLTQzMzFhZGJiMWNmMi5wbmc.webp 800w, https:\/\/img.perfectwiki.xyz\/insecure\/resize:fit:1200\/aHR0cHM6Ly9zdG9yYWdlLmdvb2dsZWFwaXMuY29tL3BlcmZlY3Rfd2lraS9jMThmZTZmNy03MTRiLTQxMzItYmI1NC0zNTY0ODc3NWVkMGMvakRWZWJVOFpYRkFjZVpqT3BIWVIvJUQwJUI4JUQwJUI3JUQwJUJFJUQwJUIxJUQxJTgwJUQwJUIwJUQwJUI2JUQwJUI1JUQwJUJEJUQwJUI4JUQwJUI1X2EwOWQzOWQ2LWE2YjEtNDJmMC1hMzcyLTQzMzFhZGJiMWNmMi5wbmc.webp 1200w, https:\/\/img.perfectwiki.xyz\/insecure\/aHR0cHM6Ly9zdG9yYWdlLmdvb2dsZWFwaXMuY29tL3BlcmZlY3Rfd2lraS9jMThmZTZmNy03MTRiLTQxMzItYmI1NC0zNTY0ODc3NWVkMGMvakRWZWJVOFpYRkFjZVpqT3BIWVIvJUQwJUI4JUQwJUI3JUQwJUJFJUQwJUIxJUQxJTgwJUQwJUIwJUQwJUI2JUQwJUI1JUQwJUJEJUQwJUI4JUQwJUI1X2EwOWQzOWQ2LWE2YjEtNDJmMC1hMzcyLTQzMzFhZGJiMWNmMi5wbmc.webp 1400w\" alt=\"tooted \/ 4 Varude haldamine\" width=\"210\" height=\"316\"><\/p><ul><li><strong>Reaalajas varude uuendamine<\/strong><br>K\u00f5ikide toodete reaalajas n\u00e4htavus, mida uuendatakse automaatselt p\u00e4rast iga m\u00fc\u00fcki v\u00f5i tarnet.<\/li><li><strong>Retseptip\u00f5hine j\u00e4lgimine<\/strong><br>J\u00e4lgige koostisainete kasutamist m\u00fc\u00fcdud men\u00fc\u00fcartiklite alusel &#8211; tead, mida ja millal kasutatakse.<\/li><li><strong>Automaatsed ostusoovitused<\/strong><br>S\u00fcsteem pakub tarbimistrendide p\u00f5hjal v\u00e4lja, millal ja mida tellida.<\/li><li><strong>Tarnijate haldamine<\/strong><br>Tarnijate info, hinnakujundus ja ostuajalugu \u00fches kohas.<\/li><li><strong>Varude \u00fclekanded<\/strong><br>Liigutage kaupu asukohtade vahel t\u00e4ieliku j\u00e4lgitavusega.<\/li><\/ul><figure class=\"image image_resized\"><img decoding=\"async\" class=\"alignright\" src=\"https:\/\/img.perfectwiki.xyz\/insecure\/resize:fit:400\/aHR0cHM6Ly9zdG9yYWdlLmdvb2dsZWFwaXMuY29tL3BlcmZlY3Rfd2lraS9jMThmZTZmNy03MTRiLTQxMzItYmI1NC0zNTY0ODc3NWVkMGMvakRWZWJVOFpYRkFjZVpqT3BIWVIvJUQwJUI4JUQwJUI3JUQwJUJFJUQwJUIxJUQxJTgwJUQwJUIwJUQwJUI2JUQwJUI1JUQwJUJEJUQwJUI4JUQwJUI1XzA3ZWM5Y2UwLTAzNDQtNGQ1MC04OWQ2LTNmZjUwYjJkMWE1OC5wbmc.webp\" sizes=\"100vw\" srcset=\"https:\/\/img.perfectwiki.xyz\/insecure\/resize:fit:400\/aHR0cHM6Ly9zdG9yYWdlLmdvb2dsZWFwaXMuY29tL3BlcmZlY3Rfd2lraS9jMThmZTZmNy03MTRiLTQxMzItYmI1NC0zNTY0ODc3NWVkMGMvakRWZWJVOFpYRkFjZVpqT3BIWVIvJUQwJUI4JUQwJUI3JUQwJUJFJUQwJUIxJUQxJTgwJUQwJUIwJUQwJUI2JUQwJUI1JUQwJUJEJUQwJUI4JUQwJUI1XzA3ZWM5Y2UwLTAzNDQtNGQ1MC04OWQ2LTNmZjUwYjJkMWE1OC5wbmc.webp 400w, https:\/\/img.perfectwiki.xyz\/insecure\/resize:fit:800\/aHR0cHM6Ly9zdG9yYWdlLmdvb2dsZWFwaXMuY29tL3BlcmZlY3Rfd2lraS9jMThmZTZmNy03MTRiLTQxMzItYmI1NC0zNTY0ODc3NWVkMGMvakRWZWJVOFpYRkFjZVpqT3BIWVIvJUQwJUI4JUQwJUI3JUQwJUJFJUQwJUIxJUQxJTgwJUQwJUIwJUQwJUI2JUQwJUI1JUQwJUJEJUQwJUI4JUQwJUI1XzA3ZWM5Y2UwLTAzNDQtNGQ1MC04OWQ2LTNmZjUwYjJkMWE1OC5wbmc.webp 800w, https:\/\/img.perfectwiki.xyz\/insecure\/resize:fit:1200\/aHR0cHM6Ly9zdG9yYWdlLmdvb2dsZWFwaXMuY29tL3BlcmZlY3Rfd2lraS9jMThmZTZmNy03MTRiLTQxMzItYmI1NC0zNTY0ODc3NWVkMGMvakRWZWJVOFpYRkFjZVpqT3BIWVIvJUQwJUI4JUQwJUI3JUQwJUJFJUQwJUIxJUQxJTgwJUQwJUIwJUQwJUI2JUQwJUI1JUQwJUJEJUQwJUI4JUQwJUI1XzA3ZWM5Y2UwLTAzNDQtNGQ1MC04OWQ2LTNmZjUwYjJkMWE1OC5wbmc.webp 1200w, https:\/\/img.perfectwiki.xyz\/insecure\/aHR0cHM6Ly9zdG9yYWdlLmdvb2dsZWFwaXMuY29tL3BlcmZlY3Rfd2lraS9jMThmZTZmNy03MTRiLTQxMzItYmI1NC0zNTY0ODc3NWVkMGMvakRWZWJVOFpYRkFjZVpqT3BIWVIvJUQwJUI4JUQwJUI3JUQwJUJFJUQwJUIxJUQxJTgwJUQwJUIwJUQwJUI2JUQwJUI1JUQwJUJEJUQwJUI4JUQwJUI1XzA3ZWM5Y2UwLTAzNDQtNGQ1MC04OWQ2LTNmZjUwYjJkMWE1OC5wbmc.webp 1400w\" alt=\"tooted \/ 4 Varude haldamine\" width=\"261\" height=\"262\"><\/figure><h3 id=\"For-Whom-2\"><strong>Kellele?<\/strong><\/h3><p><strong>Kokad ja k\u00f6\u00f6gipersonal<\/strong> &#8211; teavad, mis on saadaval ilma k\u00fclmikut avamata.<br><strong>Laojuhid<\/strong> &#8211; vabanege aegunud varudest k\u00e4sitsi.<br><strong>Restoranide omanikud<\/strong> &#8211; J\u00e4lgige k\u00f5iki kulusid. V\u00e4hendage iga kahjumit. <\/p><h2 id=\"Run-Lean.-Save-Big.-Scale-Smart.-1\"><strong>Jookske lahja. S\u00e4\u00e4sta palju. Scale Smart.  <\/strong><\/h2><p>Meie varude haldamise vahendiga ei j\u00e4lgi te mitte ainult varusid &#8211; te avate kasumi.<\/p>\t\t\t\t\t\t\t\t<\/div>\n\t\t\t\t<\/div>\n\t\t\t\t<div class=\"elementor-element elementor-element-2514b49b elementor-align-center elementor-mobile-align-center elementor-widget elementor-widget-button\" data-id=\"2514b49b\" data-element_type=\"widget\" data-e-type=\"widget\" data-widget_type=\"button.default\">\n\t\t\t\t<div class=\"elementor-widget-container\">\n\t\t\t\t\t\t\t\t\t<div class=\"elementor-button-wrapper\">\n\t\t\t\t\t<a class=\"elementor-button elementor-button-link elementor-size-sm\" href=\"https:\/\/rkeeper.us\/?page_id=256\">\n\t\t\t\t\t\t<span class=\"elementor-button-content-wrapper\">\n\t\t\t\t\t\t\t\t\t<span class=\"elementor-button-text\">V\u00f5tke meiega \u00fchendust<\/span>\n\t\t\t\t\t<\/span>\n\t\t\t\t\t<\/a>\n\t\t\t\t<\/div>\n\t\t\t\t\t\t\t\t<\/div>\n\t\t\t\t<\/div>\n\t\t\t\t\t<\/div>\n\t\t\t\t<\/div>\n\t\t\t\t<\/div>\n\t\t","protected":false},"excerpt":{"rendered":"<p>Inventari haldamine Lihtsaks tehtud varude haldamine Tea, mis sul on. Kontrollida, mida sa vajad. H\u00fcvasti arvamistega, puuduj\u00e4\u00e4kidega ja \u00fclevarudega.Meie varude haldamise s\u00fcsteem annab teile t\u00e4ieliku kontrolli oma restorani varude \u00fcle &#8211; reaalajas. Alates v\u00e4rsketest koostisosadest kuni paberist salvr\u00e4tikuteni, j\u00e4lgige k\u00f5ike vaevata ja v\u00e4hendage raiskamist nagu professionaal. K\u00f6\u00f6gist ladustamiseni &#8211; t\u00e4ielik n\u00e4htavus, null stress. Miks varude [&hellip;]<\/p>\n","protected":false},"author":1,"featured_media":0,"parent":0,"menu_order":0,"comment_status":"closed","ping_status":"closed","template":"","meta":{"footnotes":""},"class_list":["post-2548","page","type-page","status-publish","hentry"],"_links":{"self":[{"href":"https:\/\/rkeeper.ee\/index.php?rest_route=\/wp\/v2\/pages\/2548","targetHints":{"allow":["GET"]}}],"collection":[{"href":"https:\/\/rkeeper.ee\/index.php?rest_route=\/wp\/v2\/pages"}],"about":[{"href":"https:\/\/rkeeper.ee\/index.php?rest_route=\/wp\/v2\/types\/page"}],"author":[{"embeddable":true,"href":"https:\/\/rkeeper.ee\/index.php?rest_route=\/wp\/v2\/users\/1"}],"replies":[{"embeddable":true,"href":"https:\/\/rkeeper.ee\/index.php?rest_route=%2Fwp%2Fv2%2Fcomments&post=2548"}],"version-history":[{"count":5,"href":"https:\/\/rkeeper.ee\/index.php?rest_route=\/wp\/v2\/pages\/2548\/revisions"}],"predecessor-version":[{"id":3643,"href":"https:\/\/rkeeper.ee\/index.php?rest_route=\/wp\/v2\/pages\/2548\/revisions\/3643"}],"wp:attachment":[{"href":"https:\/\/rkeeper.ee\/index.php?rest_route=%2Fwp%2Fv2%2Fmedia&parent=2548"}],"curies":[{"name":"wp","href":"https:\/\/api.w.org\/{rel}","templated":true}]}}