{"id":2558,"date":"2025-07-14T15:51:29","date_gmt":"2025-07-14T12:51:29","guid":{"rendered":"https:\/\/rkeeper.us\/?page_id=2558"},"modified":"2025-07-22T12:06:47","modified_gmt":"2025-07-22T09:06:47","slug":"online-tellimine","status":"publish","type":"page","link":"https:\/\/rkeeper.ee\/?page_id=2558","title":{"rendered":"Online tellimine"},"content":{"rendered":"\t\t<div data-elementor-type=\"wp-page\" data-elementor-id=\"2558\" class=\"elementor elementor-2558 elementor-2220\" data-elementor-post-type=\"page\">\n\t\t\t\t<div class=\"elementor-element elementor-element-13b53120 e-flex e-con-boxed e-con e-parent\" data-id=\"13b53120\" data-element_type=\"container\" data-e-type=\"container\">\n\t\t\t\t\t<div class=\"e-con-inner\">\n\t\t\t\t<div class=\"elementor-element elementor-element-664f7414 elementor-widget elementor-widget-heading\" data-id=\"664f7414\" data-element_type=\"widget\" data-e-type=\"widget\" data-widget_type=\"heading.default\">\n\t\t\t\t<div class=\"elementor-widget-container\">\n\t\t\t\t\t<h3 class=\"elementor-heading-title elementor-size-default\">Veebitellimine<\/h3>\t\t\t\t<\/div>\n\t\t\t\t<\/div>\n\t\t\t\t<div class=\"elementor-element elementor-element-63e33bf0 elementor-widget elementor-widget-text-editor\" data-id=\"63e33bf0\" data-element_type=\"widget\" data-e-type=\"widget\" data-widget_type=\"text-editor.default\">\n\t\t\t\t<div class=\"elementor-widget-container\">\n\t\t\t\t\t\t\t\t\t<h2 id=\"Online-Ordering:-Your-Restaurant-Always-Open-1\"><strong>Online tellimine: Teie restoran, alati avatud<\/strong><\/h2><h3 id=\"Turn-Clicks-Into-Orders.-Anytime-Anywhere.-2\">Muuda klikid tellimusteks. Igal ajal ja igal pool. <\/h3><p>Laske klientidel oma restoranist tellida vaid paari puudutusega &#8211; \u00fcksk\u00f5ik millises seadmes.<br>Meie <strong>online-tellimislahendus<\/strong> \u00fchendab teie men\u00fc\u00fc digitaalmaailmaga: teie veebisaidi, mobiilirakenduse v\u00f5i QR-koodiga. Ei mingeid vahendajaid. Ei mingeid vahendustasu k\u00e4rpeid. Lihtsalt otsem\u00fc\u00fck, otse teie k\u00f6\u00f6ki.   <\/p><p>Serveeri v\u00e4ljaspool oma seinu. Olge seal, kus teie kliendid on. <\/p><h3 id=\"Why-You'll-Love-It-2\"><strong>Miks see teile meeldib<\/strong><\/h3><p><img fetchpriority=\"high\" decoding=\"async\" class=\"alignleft\" src=\"https:\/\/img.perfectwiki.xyz\/insecure\/resize:fit:400\/aHR0cHM6Ly9zdG9yYWdlLmdvb2dsZWFwaXMuY29tL3BlcmZlY3Rfd2lraS9jMThmZTZmNy03MTRiLTQxMzItYmI1NC0zNTY0ODc3NWVkMGMvRXFoakF6MGFkRjlvQ3BVRXdIVFQvJUQwJUI4JUQwJUI3JUQwJUJFJUQwJUIxJUQxJTgwJUQwJUIwJUQwJUI2JUQwJUI1JUQwJUJEJUQwJUI4JUQwJUI1XzQyZTk5NjM0LWY0YzYtNGU3My05MDhlLTI4ODBiZTIwMGU4OS5wbmc.webp\" sizes=\"100vw\" srcset=\"https:\/\/img.perfectwiki.xyz\/insecure\/resize:fit:400\/aHR0cHM6Ly9zdG9yYWdlLmdvb2dsZWFwaXMuY29tL3BlcmZlY3Rfd2lraS9jMThmZTZmNy03MTRiLTQxMzItYmI1NC0zNTY0ODc3NWVkMGMvRXFoakF6MGFkRjlvQ3BVRXdIVFQvJUQwJUI4JUQwJUI3JUQwJUJFJUQwJUIxJUQxJTgwJUQwJUIwJUQwJUI2JUQwJUI1JUQwJUJEJUQwJUI4JUQwJUI1XzQyZTk5NjM0LWY0YzYtNGU3My05MDhlLTI4ODBiZTIwMGU4OS5wbmc.webp 400w, https:\/\/img.perfectwiki.xyz\/insecure\/resize:fit:800\/aHR0cHM6Ly9zdG9yYWdlLmdvb2dsZWFwaXMuY29tL3BlcmZlY3Rfd2lraS9jMThmZTZmNy03MTRiLTQxMzItYmI1NC0zNTY0ODc3NWVkMGMvRXFoakF6MGFkRjlvQ3BVRXdIVFQvJUQwJUI4JUQwJUI3JUQwJUJFJUQwJUIxJUQxJTgwJUQwJUIwJUQwJUI2JUQwJUI1JUQwJUJEJUQwJUI4JUQwJUI1XzQyZTk5NjM0LWY0YzYtNGU3My05MDhlLTI4ODBiZTIwMGU4OS5wbmc.webp 800w, https:\/\/img.perfectwiki.xyz\/insecure\/resize:fit:1200\/aHR0cHM6Ly9zdG9yYWdlLmdvb2dsZWFwaXMuY29tL3BlcmZlY3Rfd2lraS9jMThmZTZmNy03MTRiLTQxMzItYmI1NC0zNTY0ODc3NWVkMGMvRXFoakF6MGFkRjlvQ3BVRXdIVFQvJUQwJUI4JUQwJUI3JUQwJUJFJUQwJUIxJUQxJTgwJUQwJUIwJUQwJUI2JUQwJUI1JUQwJUJEJUQwJUI4JUQwJUI1XzQyZTk5NjM0LWY0YzYtNGU3My05MDhlLTI4ODBiZTIwMGU4OS5wbmc.webp 1200w, https:\/\/img.perfectwiki.xyz\/insecure\/aHR0cHM6Ly9zdG9yYWdlLmdvb2dsZWFwaXMuY29tL3BlcmZlY3Rfd2lraS9jMThmZTZmNy03MTRiLTQxMzItYmI1NC0zNTY0ODc3NWVkMGMvRXFoakF6MGFkRjlvQ3BVRXdIVFQvJUQwJUI4JUQwJUI3JUQwJUJFJUQwJUIxJUQxJTgwJUQwJUIwJUQwJUI2JUQwJUI1JUQwJUJEJUQwJUI4JUQwJUI1XzQyZTk5NjM0LWY0YzYtNGU3My05MDhlLTI4ODBiZTIwMGU4OS5wbmc.webp 1400w\" alt=\"lahendused \/ 6 Online tellimine\" width=\"224\" height=\"336\"><\/p><p><strong>Lihtne kasutada, lihtne tellida<\/strong><br>Kaunis kaubam\u00e4rgiga men\u00fc\u00fc, mis on m\u00f5eldud nii mobiilis kui ka lauaarvutis. Ei mingeid rakendusi, mida alla laadida &#8211; lihtsalt koputage ja tellige. <\/p><p><strong>Turvalised maksed, paindlikud v\u00f5imalused<\/strong><br>V\u00f5ta vastu kaarte, Apple\/Google Pay v\u00f5i lase neil maksta kauba k\u00e4ttesaamisel. K\u00f5ik tehingud on turvalised ja kiired. <\/p><p><strong>Kohapeal, kohaletoimetamine, sisseostmine &#8211; k\u00f5ik on kaetud<\/strong><br>Lase k\u00fclalistel valida, kuidas nad oma toidu k\u00e4tte saavad: kas nad saavad selle k\u00e4tte, s\u00f6\u00f6vad sisse v\u00f5i saavad selle kohale toimetatud.<\/p><p><strong>T\u00e4ielikult integreeritud<\/strong><br>Tellimused j\u00f5uavad otse teie kassasse v\u00f5i k\u00f6\u00f6ki &#8211; ei mingeid lisakraane, ei mingeid vahelej\u00e4\u00e4nud pileteid.<\/p><p><strong>M\u00fc\u00fcgi\u00fclevaated ja kliendiandmed<\/strong><br>J\u00e4lgi, mida, millal ja kui tihti inimesed tellivad. Kasutage seda oma pakkumiste t\u00e4iustamiseks ja paremaks suunamiseks. <\/p><h3 id=\"Key-Features-2\"><strong>Peamised omadused<\/strong><\/h3><ul><li>Kohandatav digitaalne men\u00fc\u00fc koos kategooriate ja modifikaatoritega<\/li><li>Lisage fotod, allergeenid, kombinatsioonid &#8211; mida iganes teie k\u00fclalised vajavad, et otsustada.<\/li><li>Jagage lingi, QR-koodi v\u00f5i oma veebisaidi sisseehitamise kaudu.<\/li><li>Toetab sooduskoode, lojaalsust ja lisam\u00fc\u00fcki<\/li><li>Reaalajas ajakohastatud men\u00fc\u00fc ja saadavus<\/li><li><p>Mitmekeelne tugi rahvusvahelistele klientidele<\/p><figure class=\"image image_resized\"><img decoding=\"async\" class=\"alignright\" src=\"https:\/\/img.perfectwiki.xyz\/insecure\/resize:fit:400\/aHR0cHM6Ly9zdG9yYWdlLmdvb2dsZWFwaXMuY29tL3BlcmZlY3Rfd2lraS9jMThmZTZmNy03MTRiLTQxMzItYmI1NC0zNTY0ODc3NWVkMGMvRXFoakF6MGFkRjlvQ3BVRXdIVFQvJUQwJUI4JUQwJUI3JUQwJUJFJUQwJUIxJUQxJTgwJUQwJUIwJUQwJUI2JUQwJUI1JUQwJUJEJUQwJUI4JUQwJUI1XzVkNzgwNjA4LTY0OTctNDNkYi1iMmViLTkzNDFkNzYyNzVjMS5wbmc.webp\" sizes=\"100vw\" srcset=\"https:\/\/img.perfectwiki.xyz\/insecure\/resize:fit:400\/aHR0cHM6Ly9zdG9yYWdlLmdvb2dsZWFwaXMuY29tL3BlcmZlY3Rfd2lraS9jMThmZTZmNy03MTRiLTQxMzItYmI1NC0zNTY0ODc3NWVkMGMvRXFoakF6MGFkRjlvQ3BVRXdIVFQvJUQwJUI4JUQwJUI3JUQwJUJFJUQwJUIxJUQxJTgwJUQwJUIwJUQwJUI2JUQwJUI1JUQwJUJEJUQwJUI4JUQwJUI1XzVkNzgwNjA4LTY0OTctNDNkYi1iMmViLTkzNDFkNzYyNzVjMS5wbmc.webp 400w, https:\/\/img.perfectwiki.xyz\/insecure\/resize:fit:800\/aHR0cHM6Ly9zdG9yYWdlLmdvb2dsZWFwaXMuY29tL3BlcmZlY3Rfd2lraS9jMThmZTZmNy03MTRiLTQxMzItYmI1NC0zNTY0ODc3NWVkMGMvRXFoakF6MGFkRjlvQ3BVRXdIVFQvJUQwJUI4JUQwJUI3JUQwJUJFJUQwJUIxJUQxJTgwJUQwJUIwJUQwJUI2JUQwJUI1JUQwJUJEJUQwJUI4JUQwJUI1XzVkNzgwNjA4LTY0OTctNDNkYi1iMmViLTkzNDFkNzYyNzVjMS5wbmc.webp 800w, https:\/\/img.perfectwiki.xyz\/insecure\/resize:fit:1200\/aHR0cHM6Ly9zdG9yYWdlLmdvb2dsZWFwaXMuY29tL3BlcmZlY3Rfd2lraS9jMThmZTZmNy03MTRiLTQxMzItYmI1NC0zNTY0ODc3NWVkMGMvRXFoakF6MGFkRjlvQ3BVRXdIVFQvJUQwJUI4JUQwJUI3JUQwJUJFJUQwJUIxJUQxJTgwJUQwJUIwJUQwJUI2JUQwJUI1JUQwJUJEJUQwJUI4JUQwJUI1XzVkNzgwNjA4LTY0OTctNDNkYi1iMmViLTkzNDFkNzYyNzVjMS5wbmc.webp 1200w, https:\/\/img.perfectwiki.xyz\/insecure\/aHR0cHM6Ly9zdG9yYWdlLmdvb2dsZWFwaXMuY29tL3BlcmZlY3Rfd2lraS9jMThmZTZmNy03MTRiLTQxMzItYmI1NC0zNTY0ODc3NWVkMGMvRXFoakF6MGFkRjlvQ3BVRXdIVFQvJUQwJUI4JUQwJUI3JUQwJUJFJUQwJUIxJUQxJTgwJUQwJUIwJUQwJUI2JUQwJUI1JUQwJUJEJUQwJUI4JUQwJUI1XzVkNzgwNjA4LTY0OTctNDNkYi1iMmViLTkzNDFkNzYyNzVjMS5wbmc.webp 1400w\" alt=\"lahendused \/ 6 Online tellimine\" width=\"230\" height=\"347\"><\/figure><\/li><\/ul><h3 id=\"Who-Is-It-For-2\"><strong>Kellele see on m\u00f5eldud?<\/strong><\/h3><p><strong>Kiirtoit<\/strong> &#8211; kiire tellimine, v\u00e4hem j\u00e4rjekordi<br><strong>Takeaway &amp; Delivery<\/strong> &#8211; lihtne kliendivoog, parem ajastus<br> Kohvikud<strong>ja pagarit\u00f6\u00f6kojad<\/strong> &#8211; graafiku alusel pealev\u00f5tmine, j\u00e4rjekordade v\u00e4ltimine<br><strong>Restoranid<\/strong> &#8211; QR-laua tellimine, ei vaja personali  <\/p><h2 id=\"Own-the-Customer-Experience-1\"><strong>Omandage kliendikogemust<\/strong><\/h2><p>\u00c4ra rendi oma suhteid kolmandate osapoolte rakendustele.<br>Otsese online-tellimuse puhul j\u00e4\u00e4b kontroll sinu k\u00e4tte &#8211; ja sa hoiad 100% m\u00fc\u00fcgist.<\/p>\t\t\t\t\t\t\t\t<\/div>\n\t\t\t\t<\/div>\n\t\t\t\t<div class=\"elementor-element elementor-element-419a0f07 elementor-align-center elementor-mobile-align-center elementor-widget elementor-widget-button\" data-id=\"419a0f07\" data-element_type=\"widget\" data-e-type=\"widget\" data-widget_type=\"button.default\">\n\t\t\t\t<div class=\"elementor-widget-container\">\n\t\t\t\t\t\t\t\t\t<div class=\"elementor-button-wrapper\">\n\t\t\t\t\t<a class=\"elementor-button elementor-button-link elementor-size-sm\" href=\"https:\/\/rkeeper.us\/?page_id=256\">\n\t\t\t\t\t\t<span class=\"elementor-button-content-wrapper\">\n\t\t\t\t\t\t\t\t\t<span class=\"elementor-button-text\">V\u00f5tke meiega \u00fchendust<\/span>\n\t\t\t\t\t<\/span>\n\t\t\t\t\t<\/a>\n\t\t\t\t<\/div>\n\t\t\t\t\t\t\t\t<\/div>\n\t\t\t\t<\/div>\n\t\t\t\t\t<\/div>\n\t\t\t\t<\/div>\n\t\t\t\t<\/div>\n\t\t","protected":false},"excerpt":{"rendered":"<p>Veebitellimine Online tellimine: Teie restoran, alati avatud Muuda klikid tellimusteks. Igal ajal ja igal pool. Laske klientidel oma restoranist tellida vaid paari puudutusega &#8211; \u00fcksk\u00f5ik millises seadmes.Meie online-tellimislahendus \u00fchendab teie men\u00fc\u00fc digitaalmaailmaga: teie veebisaidi, mobiilirakenduse v\u00f5i QR-koodiga. Ei mingeid vahendajaid. Ei mingeid vahendustasu k\u00e4rpeid. Lihtsalt otsem\u00fc\u00fck, otse teie k\u00f6\u00f6ki. Serveeri v\u00e4ljaspool oma seinu. Olge seal, [&hellip;]<\/p>\n","protected":false},"author":1,"featured_media":0,"parent":0,"menu_order":0,"comment_status":"closed","ping_status":"closed","template":"","meta":{"footnotes":""},"class_list":["post-2558","page","type-page","status-publish","hentry"],"_links":{"self":[{"href":"https:\/\/rkeeper.ee\/index.php?rest_route=\/wp\/v2\/pages\/2558","targetHints":{"allow":["GET"]}}],"collection":[{"href":"https:\/\/rkeeper.ee\/index.php?rest_route=\/wp\/v2\/pages"}],"about":[{"href":"https:\/\/rkeeper.ee\/index.php?rest_route=\/wp\/v2\/types\/page"}],"author":[{"embeddable":true,"href":"https:\/\/rkeeper.ee\/index.php?rest_route=\/wp\/v2\/users\/1"}],"replies":[{"embeddable":true,"href":"https:\/\/rkeeper.ee\/index.php?rest_route=%2Fwp%2Fv2%2Fcomments&post=2558"}],"version-history":[{"count":5,"href":"https:\/\/rkeeper.ee\/index.php?rest_route=\/wp\/v2\/pages\/2558\/revisions"}],"predecessor-version":[{"id":3692,"href":"https:\/\/rkeeper.ee\/index.php?rest_route=\/wp\/v2\/pages\/2558\/revisions\/3692"}],"wp:attachment":[{"href":"https:\/\/rkeeper.ee\/index.php?rest_route=%2Fwp%2Fv2%2Fmedia&parent=2558"}],"curies":[{"name":"wp","href":"https:\/\/api.w.org\/{rel}","templated":true}]}}